{"id":196,"date":"2020-07-31T11:17:04","date_gmt":"2020-07-31T11:17:04","guid":{"rendered":"http:\/\/ciro-kamini.si\/?page_id=196"},"modified":"2020-08-02T09:02:32","modified_gmt":"2020-08-02T09:02:32","slug":"reference","status":"publish","type":"page","link":"http:\/\/ciro-kamini.si\/?page_id=196","title":{"rendered":"Priporo\u010dila"},"content":{"rendered":"\n<figure class=\"wp-block-gallery columns-2 is-cropped\"><ul class=\"blocks-gallery-grid\"><li class=\"blocks-gallery-item\"><figure><a href=\"http:\/\/ciro-kamini.si\/wp-content\/uploads\/2020\/07\/\u0111uro-kamin-1.jpg\"><img loading=\"lazy\" width=\"650\" height=\"488\" src=\"http:\/\/ciro-kamini.si\/wp-content\/uploads\/2020\/07\/\u0111uro-kamin-1.jpg\" alt=\"\" data-id=\"254\" data-link=\"http:\/\/ciro-kamini.si\/?attachment_id=254\" class=\"wp-image-254\" srcset=\"http:\/\/ciro-kamini.si\/wp-content\/uploads\/2020\/07\/\u0111uro-kamin-1.jpg 650w, http:\/\/ciro-kamini.si\/wp-content\/uploads\/2020\/07\/\u0111uro-kamin-1-300x225.jpg 300w\" sizes=\"(max-width: 650px) 100vw, 650px\" \/><\/a><figcaption class=\"blocks-gallery-item__caption\"> <br\/> \u010ciro in Branko \u0110uri\u0107-\u0110uro z novim \u010ciro-kaminom<br\/> Kamin za Brankota \u0110uri\u0107 &#8211; \u0110urota <\/figcaption><\/figure><\/li><li class=\"blocks-gallery-item\"><figure><a href=\"http:\/\/ciro-kamini.si\/wp-content\/uploads\/2020\/08\/zupan.jpg\"><img loading=\"lazy\" width=\"650\" height=\"488\" src=\"http:\/\/ciro-kamini.si\/wp-content\/uploads\/2020\/08\/zupan.jpg\" alt=\"\" data-id=\"294\" data-link=\"http:\/\/ciro-kamini.si\/?attachment_id=294\" class=\"wp-image-294\" srcset=\"http:\/\/ciro-kamini.si\/wp-content\/uploads\/2020\/08\/zupan.jpg 650w, http:\/\/ciro-kamini.si\/wp-content\/uploads\/2020\/08\/zupan-300x225.jpg 300w\" sizes=\"(max-width: 650px) 100vw, 650px\" \/><\/a><figcaption class=\"blocks-gallery-item__caption\"> <br\/> <br\/> Zunanji kamin za Matja\u017ea Zupan<br\/>   Naro\u010dilo kamina za g. Zupana podprvaka v skokih  <\/figcaption><\/figure><\/li><\/ul><\/figure>\n","protected":false},"excerpt":{"rendered":"","protected":false},"author":1,"featured_media":0,"parent":0,"menu_order":0,"comment_status":"closed","ping_status":"closed","template":"","meta":{"kt_blocks_editor_width":""},"featured_image_urls":{"full":"","thumbnail":"","medium":"","medium_large":"","large":"","1536x1536":"","2048x2048":"","graphene_slider":"","graphene_featured_image":"","post-thumbnail":""},"post_excerpt_stackable":"<p>\u010ciro in Branko \u0110uri\u0107-\u0110uro z novim \u010ciro-kaminom Kamin za Brankota \u0110uri\u0107 &#8211; \u0110urota Zunanji kamin za Matja\u017ea Zupan Naro\u010dilo kamina za g. Zupana podprvaka v skokih<\/p>\n","category_list":"","author_info":{"name":"admin","url":"http:\/\/ciro-kamini.si\/?author=1"},"comments_num":"0 comments","uagb_featured_image_src":{"full":false,"thumbnail":false,"medium":false,"medium_large":false,"large":false,"1536x1536":false,"2048x2048":false,"graphene_slider":false,"graphene_featured_image":false,"post-thumbnail":false},"uagb_author_info":{"display_name":"admin","author_link":"http:\/\/ciro-kamini.si\/?author=1"},"uagb_comment_info":0,"uagb_excerpt":null,"_links":{"self":[{"href":"http:\/\/ciro-kamini.si\/index.php?rest_route=\/wp\/v2\/pages\/196"}],"collection":[{"href":"http:\/\/ciro-kamini.si\/index.php?rest_route=\/wp\/v2\/pages"}],"about":[{"href":"http:\/\/ciro-kamini.si\/index.php?rest_route=\/wp\/v2\/types\/page"}],"author":[{"embeddable":true,"href":"http:\/\/ciro-kamini.si\/index.php?rest_route=\/wp\/v2\/users\/1"}],"replies":[{"embeddable":true,"href":"http:\/\/ciro-kamini.si\/index.php?rest_route=%2Fwp%2Fv2%2Fcomments&post=196"}],"version-history":[{"count":8,"href":"http:\/\/ciro-kamini.si\/index.php?rest_route=\/wp\/v2\/pages\/196\/revisions"}],"predecessor-version":[{"id":310,"href":"http:\/\/ciro-kamini.si\/index.php?rest_route=\/wp\/v2\/pages\/196\/revisions\/310"}],"wp:attachment":[{"href":"http:\/\/ciro-kamini.si\/index.php?rest_route=%2Fwp%2Fv2%2Fmedia&parent=196"}],"curies":[{"name":"wp","href":"https:\/\/api.w.org\/{rel}","templated":true}]}}